{"id":8,"date":"2017-06-14T11:36:37","date_gmt":"2017-06-14T09:36:37","guid":{"rendered":"http:\/\/www.obiektywnarozkosz.pl\/fotografia\/?page_id=8"},"modified":"2023-02-25T18:44:54","modified_gmt":"2023-02-25T17:44:54","slug":"o-nas","status":"publish","type":"page","link":"https:\/\/www.obiektywnarozkosz.pl\/fotografia\/o-nas\/","title":{"rendered":"O nas"},"content":{"rendered":"<p>Witajcie!<\/p>\n<p>Jeste\u015bmy par\u0105 fotograf i asystentk\u0105, kt\u00f3rzy pasjonuj\u0105 si\u0119 tworzeniem zdj\u0119\u0107 artystycznych o tematyce erotycznej i porno. Nie jest to naszym g\u0142\u00f3wnym biznesem, ale pasj\u0105 kt\u00f3r\u0105 rozwijamy razem. Nasz\u0105 misj\u0105 jest ukazanie pi\u0119kna i zmys\u0142owo\u015bci cia\u0142a ludzkiego w spos\u00f3b artystyczny i elegancki.<\/p>\n<p>Od lat zajmujemy si\u0119 fotografi\u0105, ale to w\u0142a\u015bnie fotografia erotyczna i porno sta\u0142o si\u0119 czym\u015b wyj\u0105tkowym. Uwa\u017camy, \u017ce pi\u0119kno cia\u0142a ludzkiego nale\u017cy do najpi\u0119kniejszych motyw\u00f3w w fotografii i dlatego staramy si\u0119 uchwyci\u0107 je w spos\u00f3b unikalny i oryginalny.<\/p>\n<p>Zdj\u0119cia, kt\u00f3re wykonujemy, charakteryzuj\u0105 si\u0119 wyj\u0105tkow\u0105 estetyk\u0105, elegancj\u0105 i zmys\u0142owo\u015bci\u0105. Naszym priorytetem jest dba\u0142o\u015b\u0107 o komfort i bezpiecze\u0144stwo naszych modeli. Staramy si\u0119, aby ka\u017cda sesja by\u0142a dla naszych klient\u00f3w wyj\u0105tkowym prze\u017cyciem, pe\u0142nym emocji i pozytywnych wra\u017ce\u0144.<\/p>\n<p>Nasze do\u015bwiadczenie, wiedza i umiej\u0119tno\u015bci pozwoli\u0142y nam na zdobycie zaufania wielu klient\u00f3w, kt\u00f3rzy doceniaj\u0105 nasze podej\u015bcie do fotografii erotycznej i porno. Zapewniamy pe\u0142n\u0105 dyskrecj\u0119 i poufno\u015b\u0107, a nasze prace s\u0105 wykonywane zgodnie z obowi\u0105zuj\u0105cymi normami i standardami.<\/p>\n<p>Jeste\u015bmy przekonani, \u017ce ka\u017cde cia\u0142o jest pi\u0119kne i warto je uwieczni\u0107 w spos\u00f3b artystyczny i zmys\u0142owy. Dlatego serdecznie zapraszamy do skorzystania z naszych us\u0142ug fotograficznych. Oferujemy indywidualne podej\u015bcie do ka\u017cdego klienta, dopasowane do jego potrzeb i oczekiwa\u0144. Gwarantujemy, \u017ce u nas poczujesz si\u0119 swobodnie i bezpiecznie, a efekt ko\u0144cowy przewy\u017cszy Twoje oczekiwania.<\/p>\n<p>Chcemy podkre\u015bli\u0107, \u017ce nasza praca jako fotograf\u00f3w erotycznych i porno to przede wszystkim sztuka i profesjonalizm. Nie wchodzimy w \u017cadne interakcje seksualne z naszymi klientami podczas sesji zdj\u0119ciowych. Naszym celem jest stworzenie estetycznych i artystycznych fotografii, kt\u00f3re wywo\u0142uj\u0105 pozytywne emocje i inspiruj\u0105 do eksploracji swojej seksualno\u015bci. Dlatego te\u017c, zachowujemy pe\u0142en profesjonalizm podczas pracy, dbaj\u0105c o komfort, nasze granice i granice naszych klient\u00f3w.<\/p>\n","protected":false},"excerpt":{"rendered":"<p>Witajcie! Jeste\u015bmy par\u0105 fotograf i asystentk\u0105, kt\u00f3rzy pasjonuj\u0105 si\u0119 tworzeniem zdj\u0119\u0107 artystycznych o tematyce erotycznej i porno. Nie jest to naszym g\u0142\u00f3wnym biznesem, ale pasj\u0105 kt\u00f3r\u0105 rozwijamy razem. Nasz\u0105 misj\u0105 jest ukazanie pi\u0119kna i zmys\u0142owo\u015bci cia\u0142a ludzkiego w spos\u00f3b artystyczny i elegancki. Od lat zajmujemy si\u0119 fotografi\u0105, ale to w\u0142a\u015bnie fotografia erotyczna i porno sta\u0142o [&hellip;]<\/p>\n","protected":false},"author":1,"featured_media":0,"parent":0,"menu_order":0,"comment_status":"closed","ping_status":"closed","template":"","meta":{"footnotes":""},"class_list":["post-8","page","type-page","status-publish","hentry"],"yoast_head":"<!-- This site is optimized with the Yoast SEO plugin v27.3 - https:\/\/yoast.com\/product\/yoast-seo-wordpress\/ -->\n<title>O nas - Fotografia erotyczny i porno w Warszawie<\/title>\n<meta name=\"robots\" content=\"index, follow, max-snippet:-1, max-image-preview:large, max-video-preview:-1\" \/>\n<link rel=\"canonical\" href=\"https:\/\/www.obiektywnarozkosz.pl\/fotografia\/o-nas\/\" \/>\n<meta property=\"og:locale\" content=\"pl_PL\" \/>\n<meta property=\"og:type\" content=\"article\" \/>\n<meta property=\"og:title\" content=\"O nas - Fotografia erotyczny i porno w Warszawie\" \/>\n<meta property=\"og:description\" content=\"Witajcie! Jeste\u015bmy par\u0105 fotograf i asystentk\u0105, kt\u00f3rzy pasjonuj\u0105 si\u0119 tworzeniem zdj\u0119\u0107 artystycznych o tematyce erotycznej i porno. Nie jest to naszym g\u0142\u00f3wnym biznesem, ale pasj\u0105 kt\u00f3r\u0105 rozwijamy razem. Nasz\u0105 misj\u0105 jest ukazanie pi\u0119kna i zmys\u0142owo\u015bci cia\u0142a ludzkiego w spos\u00f3b artystyczny i elegancki. Od lat zajmujemy si\u0119 fotografi\u0105, ale to w\u0142a\u015bnie fotografia erotyczna i porno sta\u0142o [&hellip;]\" \/>\n<meta property=\"og:url\" content=\"https:\/\/www.obiektywnarozkosz.pl\/fotografia\/o-nas\/\" \/>\n<meta property=\"og:site_name\" content=\"Fotografia erotyczny i porno w Warszawie\" \/>\n<meta property=\"article:modified_time\" content=\"2023-02-25T17:44:54+00:00\" \/>\n<meta name=\"twitter:card\" content=\"summary_large_image\" \/>\n<meta name=\"twitter:label1\" content=\"Szacowany czas czytania\" \/>\n\t<meta name=\"twitter:data1\" content=\"2 minuty\" \/>\n<script type=\"application\/ld+json\" class=\"yoast-schema-graph\">{\"@context\":\"https:\\\/\\\/schema.org\",\"@graph\":[{\"@type\":\"WebPage\",\"@id\":\"https:\\\/\\\/www.obiektywnarozkosz.pl\\\/fotografia\\\/o-nas\\\/\",\"url\":\"https:\\\/\\\/www.obiektywnarozkosz.pl\\\/fotografia\\\/o-nas\\\/\",\"name\":\"O nas - Fotografia erotyczny i porno w Warszawie\",\"isPartOf\":{\"@id\":\"https:\\\/\\\/www.obiektywnarozkosz.pl\\\/fotografia\\\/#website\"},\"datePublished\":\"2017-06-14T09:36:37+00:00\",\"dateModified\":\"2023-02-25T17:44:54+00:00\",\"breadcrumb\":{\"@id\":\"https:\\\/\\\/www.obiektywnarozkosz.pl\\\/fotografia\\\/o-nas\\\/#breadcrumb\"},\"inLanguage\":\"pl-PL\",\"potentialAction\":[{\"@type\":\"ReadAction\",\"target\":[\"https:\\\/\\\/www.obiektywnarozkosz.pl\\\/fotografia\\\/o-nas\\\/\"]}]},{\"@type\":\"BreadcrumbList\",\"@id\":\"https:\\\/\\\/www.obiektywnarozkosz.pl\\\/fotografia\\\/o-nas\\\/#breadcrumb\",\"itemListElement\":[{\"@type\":\"ListItem\",\"position\":1,\"name\":\"Strona g\u0142\u00f3wna\",\"item\":\"https:\\\/\\\/www.obiektywnarozkosz.pl\\\/fotografia\\\/\"},{\"@type\":\"ListItem\",\"position\":2,\"name\":\"O nas\"}]},{\"@type\":\"WebSite\",\"@id\":\"https:\\\/\\\/www.obiektywnarozkosz.pl\\\/fotografia\\\/#website\",\"url\":\"https:\\\/\\\/www.obiektywnarozkosz.pl\\\/fotografia\\\/\",\"name\":\"Fotografia erotyczny i porno w Warszawie\",\"description\":\"Fotografia erotyczna, zmys\u0142owa i porno\",\"publisher\":{\"@id\":\"https:\\\/\\\/www.obiektywnarozkosz.pl\\\/fotografia\\\/#organization\"},\"potentialAction\":[{\"@type\":\"SearchAction\",\"target\":{\"@type\":\"EntryPoint\",\"urlTemplate\":\"https:\\\/\\\/www.obiektywnarozkosz.pl\\\/fotografia\\\/?s={search_term_string}\"},\"query-input\":{\"@type\":\"PropertyValueSpecification\",\"valueRequired\":true,\"valueName\":\"search_term_string\"}}],\"inLanguage\":\"pl-PL\"},{\"@type\":\"Organization\",\"@id\":\"https:\\\/\\\/www.obiektywnarozkosz.pl\\\/fotografia\\\/#organization\",\"name\":\"Obiektyw Na Rozkosz\",\"url\":\"https:\\\/\\\/www.obiektywnarozkosz.pl\\\/fotografia\\\/\",\"logo\":{\"@type\":\"ImageObject\",\"inLanguage\":\"pl-PL\",\"@id\":\"https:\\\/\\\/www.obiektywnarozkosz.pl\\\/fotografia\\\/#\\\/schema\\\/logo\\\/image\\\/\",\"url\":\"https:\\\/\\\/www.obiektywnarozkosz.pl\\\/fotografia\\\/wp-content\\\/uploads\\\/2017\\\/06\\\/obiektywnarozkosz.png\",\"contentUrl\":\"https:\\\/\\\/www.obiektywnarozkosz.pl\\\/fotografia\\\/wp-content\\\/uploads\\\/2017\\\/06\\\/obiektywnarozkosz.png\",\"width\":233,\"height\":118,\"caption\":\"Obiektyw Na Rozkosz\"},\"image\":{\"@id\":\"https:\\\/\\\/www.obiektywnarozkosz.pl\\\/fotografia\\\/#\\\/schema\\\/logo\\\/image\\\/\"}}]}<\/script>\n<!-- \/ Yoast SEO plugin. -->","yoast_head_json":{"title":"O nas - Fotografia erotyczny i porno w Warszawie","robots":{"index":"index","follow":"follow","max-snippet":"max-snippet:-1","max-image-preview":"max-image-preview:large","max-video-preview":"max-video-preview:-1"},"canonical":"https:\/\/www.obiektywnarozkosz.pl\/fotografia\/o-nas\/","og_locale":"pl_PL","og_type":"article","og_title":"O nas - Fotografia erotyczny i porno w Warszawie","og_description":"Witajcie! Jeste\u015bmy par\u0105 fotograf i asystentk\u0105, kt\u00f3rzy pasjonuj\u0105 si\u0119 tworzeniem zdj\u0119\u0107 artystycznych o tematyce erotycznej i porno. Nie jest to naszym g\u0142\u00f3wnym biznesem, ale pasj\u0105 kt\u00f3r\u0105 rozwijamy razem. Nasz\u0105 misj\u0105 jest ukazanie pi\u0119kna i zmys\u0142owo\u015bci cia\u0142a ludzkiego w spos\u00f3b artystyczny i elegancki. Od lat zajmujemy si\u0119 fotografi\u0105, ale to w\u0142a\u015bnie fotografia erotyczna i porno sta\u0142o [&hellip;]","og_url":"https:\/\/www.obiektywnarozkosz.pl\/fotografia\/o-nas\/","og_site_name":"Fotografia erotyczny i porno w Warszawie","article_modified_time":"2023-02-25T17:44:54+00:00","twitter_card":"summary_large_image","twitter_misc":{"Szacowany czas czytania":"2 minuty"},"schema":{"@context":"https:\/\/schema.org","@graph":[{"@type":"WebPage","@id":"https:\/\/www.obiektywnarozkosz.pl\/fotografia\/o-nas\/","url":"https:\/\/www.obiektywnarozkosz.pl\/fotografia\/o-nas\/","name":"O nas - Fotografia erotyczny i porno w Warszawie","isPartOf":{"@id":"https:\/\/www.obiektywnarozkosz.pl\/fotografia\/#website"},"datePublished":"2017-06-14T09:36:37+00:00","dateModified":"2023-02-25T17:44:54+00:00","breadcrumb":{"@id":"https:\/\/www.obiektywnarozkosz.pl\/fotografia\/o-nas\/#breadcrumb"},"inLanguage":"pl-PL","potentialAction":[{"@type":"ReadAction","target":["https:\/\/www.obiektywnarozkosz.pl\/fotografia\/o-nas\/"]}]},{"@type":"BreadcrumbList","@id":"https:\/\/www.obiektywnarozkosz.pl\/fotografia\/o-nas\/#breadcrumb","itemListElement":[{"@type":"ListItem","position":1,"name":"Strona g\u0142\u00f3wna","item":"https:\/\/www.obiektywnarozkosz.pl\/fotografia\/"},{"@type":"ListItem","position":2,"name":"O nas"}]},{"@type":"WebSite","@id":"https:\/\/www.obiektywnarozkosz.pl\/fotografia\/#website","url":"https:\/\/www.obiektywnarozkosz.pl\/fotografia\/","name":"Fotografia erotyczny i porno w Warszawie","description":"Fotografia erotyczna, zmys\u0142owa i porno","publisher":{"@id":"https:\/\/www.obiektywnarozkosz.pl\/fotografia\/#organization"},"potentialAction":[{"@type":"SearchAction","target":{"@type":"EntryPoint","urlTemplate":"https:\/\/www.obiektywnarozkosz.pl\/fotografia\/?s={search_term_string}"},"query-input":{"@type":"PropertyValueSpecification","valueRequired":true,"valueName":"search_term_string"}}],"inLanguage":"pl-PL"},{"@type":"Organization","@id":"https:\/\/www.obiektywnarozkosz.pl\/fotografia\/#organization","name":"Obiektyw Na Rozkosz","url":"https:\/\/www.obiektywnarozkosz.pl\/fotografia\/","logo":{"@type":"ImageObject","inLanguage":"pl-PL","@id":"https:\/\/www.obiektywnarozkosz.pl\/fotografia\/#\/schema\/logo\/image\/","url":"https:\/\/www.obiektywnarozkosz.pl\/fotografia\/wp-content\/uploads\/2017\/06\/obiektywnarozkosz.png","contentUrl":"https:\/\/www.obiektywnarozkosz.pl\/fotografia\/wp-content\/uploads\/2017\/06\/obiektywnarozkosz.png","width":233,"height":118,"caption":"Obiektyw Na Rozkosz"},"image":{"@id":"https:\/\/www.obiektywnarozkosz.pl\/fotografia\/#\/schema\/logo\/image\/"}}]}},"_links":{"self":[{"href":"https:\/\/www.obiektywnarozkosz.pl\/fotografia\/wp-json\/wp\/v2\/pages\/8","targetHints":{"allow":["GET"]}}],"collection":[{"href":"https:\/\/www.obiektywnarozkosz.pl\/fotografia\/wp-json\/wp\/v2\/pages"}],"about":[{"href":"https:\/\/www.obiektywnarozkosz.pl\/fotografia\/wp-json\/wp\/v2\/types\/page"}],"author":[{"embeddable":true,"href":"https:\/\/www.obiektywnarozkosz.pl\/fotografia\/wp-json\/wp\/v2\/users\/1"}],"replies":[{"embeddable":true,"href":"https:\/\/www.obiektywnarozkosz.pl\/fotografia\/wp-json\/wp\/v2\/comments?post=8"}],"version-history":[{"count":2,"href":"https:\/\/www.obiektywnarozkosz.pl\/fotografia\/wp-json\/wp\/v2\/pages\/8\/revisions"}],"predecessor-version":[{"id":87,"href":"https:\/\/www.obiektywnarozkosz.pl\/fotografia\/wp-json\/wp\/v2\/pages\/8\/revisions\/87"}],"wp:attachment":[{"href":"https:\/\/www.obiektywnarozkosz.pl\/fotografia\/wp-json\/wp\/v2\/media?parent=8"}],"curies":[{"name":"wp","href":"https:\/\/api.w.org\/{rel}","templated":true}]}}